{"id":2183,"date":"2025-12-30T23:04:43","date_gmt":"2025-12-30T22:04:43","guid":{"rendered":"https:\/\/kokaipapeteria.pl\/?page_id=2183"},"modified":"2026-01-17T10:03:14","modified_gmt":"2026-01-17T09:03:14","slug":"formularz-zaproszenia","status":"publish","type":"page","link":"https:\/\/kokaipapeteria.pl\/index.php\/formularz-zaproszenia\/","title":{"rendered":"Formularz zaproszenia"},"content":{"rendered":"\t\t<div data-elementor-type=\"wp-page\" data-elementor-id=\"2183\" class=\"elementor elementor-2183\">\n\t\t\t\t\t\t<section class=\"elementor-section elementor-top-section elementor-element elementor-element-2317130 elementor-section-boxed elementor-section-height-default elementor-section-height-default\" data-id=\"2317130\" data-element_type=\"section\">\n\t\t\t\t\t\t<div class=\"elementor-container elementor-column-gap-default\">\n\t\t\t\t\t<div class=\"elementor-column elementor-col-100 elementor-top-column elementor-element elementor-element-c80fbaf\" data-id=\"c80fbaf\" data-element_type=\"column\">\n\t\t\t<div class=\"elementor-widget-wrap elementor-element-populated\">\n\t\t\t\t\t\t<div class=\"elementor-element elementor-element-b950ccd elementor-widget elementor-widget-heading\" data-id=\"b950ccd\" data-element_type=\"widget\" data-widget_type=\"heading.default\">\n\t\t\t\t<div class=\"elementor-widget-container\">\n\t\t\t\t\t<h2 class=\"elementor-heading-title elementor-size-default\">Zamawiam zaproszenia<\/h2>\t\t\t\t<\/div>\n\t\t\t\t<\/div>\n\t\t\t\t\t<\/div>\n\t\t<\/div>\n\t\t\t\t\t<\/div>\n\t\t<\/section>\n\t\t\t\t<section class=\"elementor-section elementor-top-section elementor-element elementor-element-7ffd6a9 elementor-section-boxed elementor-section-height-default elementor-section-height-default\" data-id=\"7ffd6a9\" data-element_type=\"section\">\n\t\t\t\t\t\t<div class=\"elementor-container elementor-column-gap-default\">\n\t\t\t\t\t<div class=\"elementor-column elementor-col-100 elementor-top-column elementor-element elementor-element-54e54db\" data-id=\"54e54db\" data-element_type=\"column\">\n\t\t\t<div class=\"elementor-widget-wrap elementor-element-populated\">\n\t\t\t\t\t\t<div class=\"elementor-element elementor-element-90e1e9e elementor-widget elementor-widget-htcontactform-addons\" data-id=\"90e1e9e\" data-element_type=\"widget\" data-widget_type=\"htcontactform-addons.default\">\n\t\t\t\t<div class=\"elementor-widget-container\">\n\t\t\t\t\t            <div class=\"htcontact-form-wrapper\" >\n                \n<div class=\"wpcf7 no-js\" id=\"wpcf7-f2157-o1\" lang=\"pl-PL\" dir=\"ltr\" data-wpcf7-id=\"2157\">\n<div class=\"screen-reader-response\"><p role=\"status\" aria-live=\"polite\" aria-atomic=\"true\"><\/p> <ul><\/ul><\/div>\n<form action=\"\/index.php\/wp-json\/wp\/v2\/pages\/2183#wpcf7-f2157-o1\" method=\"post\" class=\"wpcf7-form init\" aria-label=\"Formularz kontaktowy\" novalidate=\"novalidate\" data-status=\"init\">\n<div style=\"display: none;\">\n<input type=\"hidden\" name=\"_wpcf7\" value=\"2157\" \/>\n<input type=\"hidden\" name=\"_wpcf7_version\" value=\"6.0.5\" \/>\n<input type=\"hidden\" name=\"_wpcf7_locale\" value=\"pl_PL\" \/>\n<input type=\"hidden\" name=\"_wpcf7_unit_tag\" value=\"wpcf7-f2157-o1\" \/>\n<input type=\"hidden\" name=\"_wpcf7_container_post\" value=\"0\" \/>\n<input type=\"hidden\" name=\"_wpcf7_posted_data_hash\" value=\"\" \/>\n<\/div>\n<p><label> Twoje imi\u0119 i nazwisko<br \/>\n<span class=\"wpcf7-form-control-wrap\" data-name=\"nazwisko\"><input size=\"40\" maxlength=\"400\" class=\"wpcf7-form-control wpcf7-text wpcf7-validates-as-required\" autocomplete=\"name\" aria-required=\"true\" aria-invalid=\"false\" value=\"\" type=\"text\" name=\"nazwisko\" \/><\/span> <\/label>\n<\/p>\n<p><label> Tw\u00f3j adres e-mail<br \/>\n<span class=\"wpcf7-form-control-wrap\" data-name=\"email\"><input size=\"40\" maxlength=\"400\" class=\"wpcf7-form-control wpcf7-email wpcf7-validates-as-required wpcf7-text wpcf7-validates-as-email\" autocomplete=\"email\" aria-required=\"true\" aria-invalid=\"false\" value=\"\" type=\"email\" name=\"email\" \/><\/span> <\/label>\n<\/p>\n<p><label> Tw\u00f3j numer telefonu<br \/>\n<span class=\"wpcf7-form-control-wrap\" data-name=\"telefon\"><input size=\"40\" maxlength=\"400\" class=\"wpcf7-form-control wpcf7-text wpcf7-validates-as-required\" aria-required=\"true\" aria-invalid=\"false\" value=\"\" type=\"text\" name=\"telefon\" \/><\/span> <\/label>\n<\/p>\n<p><label> Nazwa Zaproszenia<br \/>\n<span class=\"wpcf7-form-control-wrap\" data-name=\"produkt\"><input size=\"40\" maxlength=\"400\" class=\"wpcf7-form-control wpcf7-text\" readonly=\"readonly\" aria-invalid=\"false\" value=\"\" type=\"text\" name=\"produkt\" \/><\/span> <\/label>\n<\/p>\n<p><label>Wybierz zestaw STANDARD, PREMIUM, SIGNATURE<br \/>\n<span class=\"wpcf7-form-control-wrap\" data-name=\"zestaw\"><select class=\"wpcf7-form-control wpcf7-select\" aria-invalid=\"false\" name=\"zestaw\"><option value=\"STANDARD\">STANDARD<\/option><option value=\"PREMIUM\">PREMIUM<\/option><option value=\"SIGNATURE\">SIGNATURE<\/option><\/select><\/span> <\/label>\n<\/p>\n<p><label> Ilo\u015b\u0107 zaprosze\u0144<br \/>\n<span class=\"wpcf7-form-control-wrap\" data-name=\"ilosc\"><input size=\"40\" maxlength=\"400\" class=\"wpcf7-form-control wpcf7-text wpcf7-validates-as-required\" aria-required=\"true\" aria-invalid=\"false\" value=\"\" type=\"text\" name=\"ilosc\" \/><\/span> <\/label>\n<\/p>\n<p><label> Personalizacja koperty prz\u00f3d<br \/>\n<span class=\"wpcf7-form-control-wrap\" data-name=\"personalizacja_przod\"><select class=\"wpcf7-form-control wpcf7-select\" aria-invalid=\"false\" name=\"personalizacja_przod\"><option value=\"Tak\">Tak<\/option><option value=\"Nie\">Nie<\/option><\/select><\/span> <\/label>\n<\/p>\n<p><label> Personalizacja koperty ty\u0142<br \/>\n<span class=\"wpcf7-form-control-wrap\" data-name=\"personalizacja_tyl\"><select class=\"wpcf7-form-control wpcf7-select\" aria-invalid=\"false\" name=\"personalizacja_tyl\"><option value=\"Tak\">Tak<\/option><option value=\"Nie\">Nie<\/option><\/select><\/span> <\/label>\n<\/p>\n<p><label> Dodatkowa wst\u0105\u017cka lub opaska<br \/>\n<span class=\"wpcf7-form-control-wrap\" data-name=\"wstazkaopaska\"><select class=\"wpcf7-form-control wpcf7-select\" aria-invalid=\"false\" name=\"wstazkaopaska\"><option value=\"Tak\">Tak<\/option><option value=\"Nie\">Nie<\/option><\/select><\/span> <\/label>\n<\/p>\n<p><label> Wk\u0142adka do koperty<br \/>\n<span class=\"wpcf7-form-control-wrap\" data-name=\"wkladka\"><select class=\"wpcf7-form-control wpcf7-select\" aria-invalid=\"false\" name=\"wkladka\"><option value=\"Tak\">Tak<\/option><option value=\"Nie\">Nie<\/option><\/select><\/span> <\/label>\n<\/p>\n<p><label> Kolor koperty<br \/>\n<span class=\"wpcf7-form-control-wrap\" data-name=\"kolorKoperta\"><input size=\"40\" maxlength=\"400\" class=\"wpcf7-form-control wpcf7-text wpcf7-validates-as-required\" aria-required=\"true\" aria-invalid=\"false\" value=\"\" type=\"text\" name=\"kolorKoperta\" \/><\/span> <\/label>\n<\/p>\n<p><label> Dodatkowe opcje<br \/>\n<span class=\"wpcf7-form-control-wrap\" data-name=\"dodatkowe\"><input size=\"40\" maxlength=\"400\" class=\"wpcf7-form-control wpcf7-text wpcf7-validates-as-required\" aria-required=\"true\" aria-invalid=\"false\" value=\"\" type=\"text\" name=\"dodatkowe\" \/><\/span> <\/label>\n<\/p>\n<p>Pozosta\u0142e szczeg\u00f3\u0142y jak lista go\u015bci, data \u015blubu oraz inne informacje<br \/>\nprzeka\u017cecie w kolejnych etapach kontaktu ze mn\u0105 za po\u015brednictwem wiadomo\u015bci mailowych.<br \/>\nKolejny etap to kontakt z mojej strony. Pozdrawiam Kaja \ud83d\ude42\n<\/p>\n<p><input class=\"wpcf7-form-control wpcf7-submit has-spinner\" type=\"submit\" value=\"Wy\u015blij\" \/>\n<\/p><div class=\"wpcf7-response-output\" aria-hidden=\"true\"><\/div>\n<\/form>\n<\/div>\n            <\/div>\n\n        \t\t\t\t<\/div>\n\t\t\t\t<\/div>\n\t\t\t\t\t<\/div>\n\t\t<\/div>\n\t\t\t\t\t<\/div>\n\t\t<\/section>\n\t\t\t\t<\/div>\n\t\t","protected":false},"excerpt":{"rendered":"<p>Zamawiam zaproszenia Twoje imi\u0119 i nazwisko Tw\u00f3j adres e-mail Tw\u00f3j numer telefonu Nazwa Zaproszenia Wybierz zestaw STANDARD, PREMIUM, SIGNATURE STANDARDPREMIUMSIGNATURE Ilo\u015b\u0107 zaprosze\u0144 Personalizacja koperty prz\u00f3d TakNie Personalizacja koperty ty\u0142 TakNie Dodatkowa wst\u0105\u017cka lub opaska TakNie Wk\u0142adka do koperty TakNie Kolor koperty Dodatkowe opcje Pozosta\u0142e szczeg\u00f3\u0142y jak lista go\u015bci, data \u015blubu oraz pozosta\u0142e informacje przeka\u017cecie w&#8230;<\/p>\n","protected":false},"author":1,"featured_media":0,"parent":0,"menu_order":1,"comment_status":"closed","ping_status":"closed","template":"","meta":{"_kadence_starter_templates_imported_post":false,"_kad_post_transparent":"","_kad_post_title":"hide","_kad_post_layout":"fullwidth","_kad_post_sidebar_id":"","_kad_post_content_style":"unboxed","_kad_post_vertical_padding":"hide","_kad_post_feature":"hide","_kad_post_feature_position":"","_kad_post_header":false,"_kad_post_footer":false,"footnotes":""},"class_list":["post-2183","page","type-page","status-publish","hentry"],"yoast_head":"<!-- This site is optimized with the Yoast SEO plugin v24.8.1 - https:\/\/yoast.com\/wordpress\/plugins\/seo\/ -->\n<title>Formularz zaproszenia - Kokai Papeteria<\/title>\n<meta name=\"robots\" content=\"index, follow, max-snippet:-1, max-image-preview:large, max-video-preview:-1\" \/>\n<link rel=\"canonical\" href=\"https:\/\/kokaipapeteria.pl\/index.php\/elementor-2190__trashed\/formularz-zaproszenia\/\" \/>\n<meta property=\"og:locale\" content=\"pl_PL\" \/>\n<meta property=\"og:type\" content=\"article\" \/>\n<meta property=\"og:title\" content=\"Formularz zaproszenia - Kokai Papeteria\" \/>\n<meta property=\"og:description\" content=\"Zamawiam zaproszenia Twoje imi\u0119 i nazwisko Tw\u00f3j adres e-mail Tw\u00f3j numer telefonu Nazwa Zaproszenia Wybierz zestaw STANDARD, PREMIUM, SIGNATURE STANDARDPREMIUMSIGNATURE Ilo\u015b\u0107 zaprosze\u0144 Personalizacja koperty prz\u00f3d TakNie Personalizacja koperty ty\u0142 TakNie Dodatkowa wst\u0105\u017cka lub opaska TakNie Wk\u0142adka do koperty TakNie Kolor koperty Dodatkowe opcje Pozosta\u0142e szczeg\u00f3\u0142y jak lista go\u015bci, data \u015blubu oraz pozosta\u0142e informacje przeka\u017cecie w...\" \/>\n<meta property=\"og:url\" content=\"https:\/\/kokaipapeteria.pl\/index.php\/elementor-2190__trashed\/formularz-zaproszenia\/\" \/>\n<meta property=\"og:site_name\" content=\"Kokai Papeteria\" \/>\n<meta property=\"article:publisher\" content=\"https:\/\/www.instagram.com\/kokaipapeteria\/\" \/>\n<meta property=\"article:modified_time\" content=\"2026-01-17T09:03:14+00:00\" \/>\n<meta name=\"twitter:card\" content=\"summary_large_image\" \/>\n<meta name=\"twitter:label1\" content=\"Szacowany czas czytania\" \/>\n\t<meta name=\"twitter:data1\" content=\"1 minuta\" \/>\n<script type=\"application\/ld+json\" class=\"yoast-schema-graph\">{\"@context\":\"https:\/\/schema.org\",\"@graph\":[{\"@type\":\"WebPage\",\"@id\":\"https:\/\/kokaipapeteria.pl\/index.php\/elementor-2190__trashed\/formularz-zaproszenia\/\",\"url\":\"https:\/\/kokaipapeteria.pl\/index.php\/elementor-2190__trashed\/formularz-zaproszenia\/\",\"name\":\"Formularz zaproszenia - Kokai Papeteria\",\"isPartOf\":{\"@id\":\"https:\/\/kokaipapeteria.pl\/#website\"},\"datePublished\":\"2025-12-30T22:04:43+00:00\",\"dateModified\":\"2026-01-17T09:03:14+00:00\",\"breadcrumb\":{\"@id\":\"https:\/\/kokaipapeteria.pl\/index.php\/elementor-2190__trashed\/formularz-zaproszenia\/#breadcrumb\"},\"inLanguage\":\"pl-PL\",\"potentialAction\":[{\"@type\":\"ReadAction\",\"target\":[\"https:\/\/kokaipapeteria.pl\/index.php\/elementor-2190__trashed\/formularz-zaproszenia\/\"]}]},{\"@type\":\"BreadcrumbList\",\"@id\":\"https:\/\/kokaipapeteria.pl\/index.php\/elementor-2190__trashed\/formularz-zaproszenia\/#breadcrumb\",\"itemListElement\":[{\"@type\":\"ListItem\",\"position\":1,\"name\":\"Strona g\u0142\u00f3wna\",\"item\":\"https:\/\/kokaipapeteria.pl\/\"},{\"@type\":\"ListItem\",\"position\":2,\"name\":\"Formularz zaproszenia\"}]},{\"@type\":\"WebSite\",\"@id\":\"https:\/\/kokaipapeteria.pl\/#website\",\"url\":\"https:\/\/kokaipapeteria.pl\/\",\"name\":\"Kokai Papeteria\",\"description\":\"\",\"publisher\":{\"@id\":\"https:\/\/kokaipapeteria.pl\/#organization\"},\"potentialAction\":[{\"@type\":\"SearchAction\",\"target\":{\"@type\":\"EntryPoint\",\"urlTemplate\":\"https:\/\/kokaipapeteria.pl\/?s={search_term_string}\"},\"query-input\":{\"@type\":\"PropertyValueSpecification\",\"valueRequired\":true,\"valueName\":\"search_term_string\"}}],\"inLanguage\":\"pl-PL\"},{\"@type\":\"Organization\",\"@id\":\"https:\/\/kokaipapeteria.pl\/#organization\",\"name\":\"Kokai Papeteria\",\"url\":\"https:\/\/kokaipapeteria.pl\/\",\"logo\":{\"@type\":\"ImageObject\",\"inLanguage\":\"pl-PL\",\"@id\":\"https:\/\/kokaipapeteria.pl\/#\/schema\/logo\/image\/\",\"url\":\"https:\/\/kokaipapeteria.pl\/wp-content\/uploads\/2022\/10\/cropped-koka-bez-tla.png\",\"contentUrl\":\"https:\/\/kokaipapeteria.pl\/wp-content\/uploads\/2022\/10\/cropped-koka-bez-tla.png\",\"width\":2976,\"height\":1349,\"caption\":\"Kokai Papeteria\"},\"image\":{\"@id\":\"https:\/\/kokaipapeteria.pl\/#\/schema\/logo\/image\/\"},\"sameAs\":[\"https:\/\/www.instagram.com\/kokaipapeteria\/\"]}]}<\/script>\n<!-- \/ Yoast SEO plugin. -->","yoast_head_json":{"title":"Formularz zaproszenia - Kokai Papeteria","robots":{"index":"index","follow":"follow","max-snippet":"max-snippet:-1","max-image-preview":"max-image-preview:large","max-video-preview":"max-video-preview:-1"},"canonical":"https:\/\/kokaipapeteria.pl\/index.php\/elementor-2190__trashed\/formularz-zaproszenia\/","og_locale":"pl_PL","og_type":"article","og_title":"Formularz zaproszenia - Kokai Papeteria","og_description":"Zamawiam zaproszenia Twoje imi\u0119 i nazwisko Tw\u00f3j adres e-mail Tw\u00f3j numer telefonu Nazwa Zaproszenia Wybierz zestaw STANDARD, PREMIUM, SIGNATURE STANDARDPREMIUMSIGNATURE Ilo\u015b\u0107 zaprosze\u0144 Personalizacja koperty prz\u00f3d TakNie Personalizacja koperty ty\u0142 TakNie Dodatkowa wst\u0105\u017cka lub opaska TakNie Wk\u0142adka do koperty TakNie Kolor koperty Dodatkowe opcje Pozosta\u0142e szczeg\u00f3\u0142y jak lista go\u015bci, data \u015blubu oraz pozosta\u0142e informacje przeka\u017cecie w...","og_url":"https:\/\/kokaipapeteria.pl\/index.php\/elementor-2190__trashed\/formularz-zaproszenia\/","og_site_name":"Kokai Papeteria","article_publisher":"https:\/\/www.instagram.com\/kokaipapeteria\/","article_modified_time":"2026-01-17T09:03:14+00:00","twitter_card":"summary_large_image","twitter_misc":{"Szacowany czas czytania":"1 minuta"},"schema":{"@context":"https:\/\/schema.org","@graph":[{"@type":"WebPage","@id":"https:\/\/kokaipapeteria.pl\/index.php\/elementor-2190__trashed\/formularz-zaproszenia\/","url":"https:\/\/kokaipapeteria.pl\/index.php\/elementor-2190__trashed\/formularz-zaproszenia\/","name":"Formularz zaproszenia - Kokai Papeteria","isPartOf":{"@id":"https:\/\/kokaipapeteria.pl\/#website"},"datePublished":"2025-12-30T22:04:43+00:00","dateModified":"2026-01-17T09:03:14+00:00","breadcrumb":{"@id":"https:\/\/kokaipapeteria.pl\/index.php\/elementor-2190__trashed\/formularz-zaproszenia\/#breadcrumb"},"inLanguage":"pl-PL","potentialAction":[{"@type":"ReadAction","target":["https:\/\/kokaipapeteria.pl\/index.php\/elementor-2190__trashed\/formularz-zaproszenia\/"]}]},{"@type":"BreadcrumbList","@id":"https:\/\/kokaipapeteria.pl\/index.php\/elementor-2190__trashed\/formularz-zaproszenia\/#breadcrumb","itemListElement":[{"@type":"ListItem","position":1,"name":"Strona g\u0142\u00f3wna","item":"https:\/\/kokaipapeteria.pl\/"},{"@type":"ListItem","position":2,"name":"Formularz zaproszenia"}]},{"@type":"WebSite","@id":"https:\/\/kokaipapeteria.pl\/#website","url":"https:\/\/kokaipapeteria.pl\/","name":"Kokai Papeteria","description":"","publisher":{"@id":"https:\/\/kokaipapeteria.pl\/#organization"},"potentialAction":[{"@type":"SearchAction","target":{"@type":"EntryPoint","urlTemplate":"https:\/\/kokaipapeteria.pl\/?s={search_term_string}"},"query-input":{"@type":"PropertyValueSpecification","valueRequired":true,"valueName":"search_term_string"}}],"inLanguage":"pl-PL"},{"@type":"Organization","@id":"https:\/\/kokaipapeteria.pl\/#organization","name":"Kokai Papeteria","url":"https:\/\/kokaipapeteria.pl\/","logo":{"@type":"ImageObject","inLanguage":"pl-PL","@id":"https:\/\/kokaipapeteria.pl\/#\/schema\/logo\/image\/","url":"https:\/\/kokaipapeteria.pl\/wp-content\/uploads\/2022\/10\/cropped-koka-bez-tla.png","contentUrl":"https:\/\/kokaipapeteria.pl\/wp-content\/uploads\/2022\/10\/cropped-koka-bez-tla.png","width":2976,"height":1349,"caption":"Kokai Papeteria"},"image":{"@id":"https:\/\/kokaipapeteria.pl\/#\/schema\/logo\/image\/"},"sameAs":["https:\/\/www.instagram.com\/kokaipapeteria\/"]}]}},"_links":{"self":[{"href":"https:\/\/kokaipapeteria.pl\/index.php\/wp-json\/wp\/v2\/pages\/2183","targetHints":{"allow":["GET"]}}],"collection":[{"href":"https:\/\/kokaipapeteria.pl\/index.php\/wp-json\/wp\/v2\/pages"}],"about":[{"href":"https:\/\/kokaipapeteria.pl\/index.php\/wp-json\/wp\/v2\/types\/page"}],"author":[{"embeddable":true,"href":"https:\/\/kokaipapeteria.pl\/index.php\/wp-json\/wp\/v2\/users\/1"}],"replies":[{"embeddable":true,"href":"https:\/\/kokaipapeteria.pl\/index.php\/wp-json\/wp\/v2\/comments?post=2183"}],"version-history":[{"count":23,"href":"https:\/\/kokaipapeteria.pl\/index.php\/wp-json\/wp\/v2\/pages\/2183\/revisions"}],"predecessor-version":[{"id":2372,"href":"https:\/\/kokaipapeteria.pl\/index.php\/wp-json\/wp\/v2\/pages\/2183\/revisions\/2372"}],"wp:attachment":[{"href":"https:\/\/kokaipapeteria.pl\/index.php\/wp-json\/wp\/v2\/media?parent=2183"}],"curies":[{"name":"wp","href":"https:\/\/api.w.org\/{rel}","templated":true}]}}