{"id":1758,"date":"2023-10-27T17:18:16","date_gmt":"2023-10-27T17:18:16","guid":{"rendered":"https:\/\/kokaipapeteria.pl\/?post_type=product&#038;p=1758"},"modified":"2025-10-13T17:23:22","modified_gmt":"2025-10-13T16:23:22","slug":"pearl","status":"publish","type":"product","link":"https:\/\/kokaipapeteria.pl\/index.php\/produkt\/pearl\/","title":{"rendered":"PEARL"},"content":{"rendered":"<p>Karta g\u0142\u00f3wna zosta\u0142a wykonana z papieru o gramaturze 300\/350 w kolorze bia\u0142ym.<\/p>\n<p>Cena zawiera:<\/p>\n<ul>\n<li>Karta g\u0142\u00f3wna 12\u00d717<\/li>\n<li>Karta dodatkowa<\/li>\n<li>per\u0142y na karcie g\u0142\u00f3wnej oraz na karcie dodatkowej<\/li>\n<li>koperta 120g ( be\u017c brokat, biel brokat, czarna, bia\u0142a fakturowana )<\/li>\n<li>personalizacja karty g\u0142\u00f3wnej i karty dodatkowej<\/li>\n<\/ul>\n<p>12 z\u0142<\/p>\n<p>Dodatkowo p\u0142atne:<\/p>\n<ul>\n<li>inny kolor koperty ni\u017c w opcji standard 0,50 gr<\/li>\n<li>dodatkowa piecz\u0119\u0107 lakowa 2,50 z\u0142<\/li>\n<li>personalizacja koperty prz\u00f3d 1,00 gr<\/li>\n<li>personalizacja koperty ty\u0142 1,00 gr<\/li>\n<li>wklejka w \u015brodek koperty 1,00 gr<\/li>\n<\/ul>\n<p>&#8211;W CELU ZAM\u00d3WIENIA PR\u00d3BEK PROSIMY O KONTAKT PRZEZ<strong> <a href=\"https:\/\/kokaipapeteria.pl\/index.php\/faq\/\" target=\"_blank\" rel=\"noopener\">FORMULARZ KONTAKTOWY<\/a><\/strong>&#8212;<\/p>\n","protected":false},"excerpt":{"rendered":"<p>Karta g\u0142\u00f3wna zosta\u0142a wykonana z papieru o gramaturze 300\/350 w kolorze bia\u0142ym. Cena zawiera: Karta g\u0142\u00f3wna 12\u00d717 Karta dodatkowa per\u0142y na karcie g\u0142\u00f3wnej oraz na karcie dodatkowej koperta 120g ( be\u017c brokat, biel brokat, czarna, bia\u0142a fakturowana ) personalizacja karty g\u0142\u00f3wnej i karty dodatkowej 12 z\u0142 Dodatkowo p\u0142atne: inny kolor koperty ni\u017c w opcji standard&#8230;<\/p>\n","protected":false},"featured_media":1752,"template":"","meta":{"_kadence_starter_templates_imported_post":false,"_kad_post_transparent":"default","_kad_post_title":"","_kad_post_layout":"default","_kad_post_sidebar_id":"","_kad_post_content_style":"default","_kad_post_vertical_padding":"default","_kad_post_feature":"","_kad_post_feature_position":"","_kad_post_header":false,"_kad_post_footer":false},"product_brand":[],"product_cat":[33],"product_tag":[],"class_list":{"0":"post-1758","1":"product","2":"type-product","3":"status-publish","4":"has-post-thumbnail","6":"product_cat-zaproszenia-slubne","8":"first","9":"instock","10":"shipping-taxable","11":"product-type-simple","12":"entry","13":"content-bg","14":"loop-entry"},"yoast_head":"<!-- This site is optimized with the Yoast SEO plugin v24.8.1 - https:\/\/yoast.com\/wordpress\/plugins\/seo\/ -->\n<title>PEARL - Kokai Papeteria<\/title>\n<meta name=\"robots\" content=\"index, follow, max-snippet:-1, max-image-preview:large, max-video-preview:-1\" \/>\n<link rel=\"canonical\" href=\"https:\/\/kokaipapeteria.pl\/index.php\/produkt\/pearl\/\" \/>\n<meta property=\"og:locale\" content=\"pl_PL\" \/>\n<meta property=\"og:type\" content=\"article\" \/>\n<meta property=\"og:title\" content=\"PEARL - Kokai Papeteria\" \/>\n<meta property=\"og:description\" content=\"Karta g\u0142\u00f3wna zosta\u0142a wykonana z papieru o gramaturze 300\/350 w kolorze bia\u0142ym. Cena zawiera: Karta g\u0142\u00f3wna 12\u00d717 Karta dodatkowa per\u0142y na karcie g\u0142\u00f3wnej oraz na karcie dodatkowej koperta 120g ( be\u017c brokat, biel brokat, czarna, bia\u0142a fakturowana ) personalizacja karty g\u0142\u00f3wnej i karty dodatkowej 12 z\u0142 Dodatkowo p\u0142atne: inny kolor koperty ni\u017c w opcji standard...\" \/>\n<meta property=\"og:url\" content=\"https:\/\/kokaipapeteria.pl\/index.php\/produkt\/pearl\/\" \/>\n<meta property=\"og:site_name\" content=\"Kokai Papeteria\" \/>\n<meta property=\"article:publisher\" content=\"https:\/\/www.instagram.com\/kokaipapeteria\/\" \/>\n<meta property=\"article:modified_time\" content=\"2025-10-13T16:23:22+00:00\" \/>\n<meta property=\"og:image\" content=\"https:\/\/kokaipapeteria.pl\/wp-content\/uploads\/2023\/10\/AB9BC9FD-6185-4979-94A3-6BFBB57B2D1A.jpg\" \/>\n\t<meta property=\"og:image:width\" content=\"1440\" \/>\n\t<meta property=\"og:image:height\" content=\"1799\" \/>\n\t<meta property=\"og:image:type\" content=\"image\/jpeg\" \/>\n<meta name=\"twitter:card\" content=\"summary_large_image\" \/>\n<meta name=\"twitter:label1\" content=\"Szacowany czas czytania\" \/>\n\t<meta name=\"twitter:data1\" content=\"1 minuta\" \/>\n<script type=\"application\/ld+json\" class=\"yoast-schema-graph\">{\"@context\":\"https:\/\/schema.org\",\"@graph\":[{\"@type\":\"WebPage\",\"@id\":\"https:\/\/kokaipapeteria.pl\/index.php\/produkt\/pearl\/\",\"url\":\"https:\/\/kokaipapeteria.pl\/index.php\/produkt\/pearl\/\",\"name\":\"PEARL - Kokai Papeteria\",\"isPartOf\":{\"@id\":\"https:\/\/kokaipapeteria.pl\/#website\"},\"primaryImageOfPage\":{\"@id\":\"https:\/\/kokaipapeteria.pl\/index.php\/produkt\/pearl\/#primaryimage\"},\"image\":{\"@id\":\"https:\/\/kokaipapeteria.pl\/index.php\/produkt\/pearl\/#primaryimage\"},\"thumbnailUrl\":\"https:\/\/kokaipapeteria.pl\/wp-content\/uploads\/2023\/10\/AB9BC9FD-6185-4979-94A3-6BFBB57B2D1A.jpg\",\"datePublished\":\"2023-10-27T17:18:16+00:00\",\"dateModified\":\"2025-10-13T16:23:22+00:00\",\"breadcrumb\":{\"@id\":\"https:\/\/kokaipapeteria.pl\/index.php\/produkt\/pearl\/#breadcrumb\"},\"inLanguage\":\"pl-PL\",\"potentialAction\":[{\"@type\":\"ReadAction\",\"target\":[\"https:\/\/kokaipapeteria.pl\/index.php\/produkt\/pearl\/\"]}]},{\"@type\":\"ImageObject\",\"inLanguage\":\"pl-PL\",\"@id\":\"https:\/\/kokaipapeteria.pl\/index.php\/produkt\/pearl\/#primaryimage\",\"url\":\"https:\/\/kokaipapeteria.pl\/wp-content\/uploads\/2023\/10\/AB9BC9FD-6185-4979-94A3-6BFBB57B2D1A.jpg\",\"contentUrl\":\"https:\/\/kokaipapeteria.pl\/wp-content\/uploads\/2023\/10\/AB9BC9FD-6185-4979-94A3-6BFBB57B2D1A.jpg\",\"width\":1440,\"height\":1799},{\"@type\":\"BreadcrumbList\",\"@id\":\"https:\/\/kokaipapeteria.pl\/index.php\/produkt\/pearl\/#breadcrumb\",\"itemListElement\":[{\"@type\":\"ListItem\",\"position\":1,\"name\":\"Strona g\u0142\u00f3wna\",\"item\":\"https:\/\/kokaipapeteria.pl\/\"},{\"@type\":\"ListItem\",\"position\":2,\"name\":\"Oferta\",\"item\":\"https:\/\/kokaipapeteria.pl\/index.php\/sklep\/\"},{\"@type\":\"ListItem\",\"position\":3,\"name\":\"PEARL\"}]},{\"@type\":\"WebSite\",\"@id\":\"https:\/\/kokaipapeteria.pl\/#website\",\"url\":\"https:\/\/kokaipapeteria.pl\/\",\"name\":\"Kokai Papeteria\",\"description\":\"\",\"publisher\":{\"@id\":\"https:\/\/kokaipapeteria.pl\/#organization\"},\"potentialAction\":[{\"@type\":\"SearchAction\",\"target\":{\"@type\":\"EntryPoint\",\"urlTemplate\":\"https:\/\/kokaipapeteria.pl\/?s={search_term_string}\"},\"query-input\":{\"@type\":\"PropertyValueSpecification\",\"valueRequired\":true,\"valueName\":\"search_term_string\"}}],\"inLanguage\":\"pl-PL\"},{\"@type\":\"Organization\",\"@id\":\"https:\/\/kokaipapeteria.pl\/#organization\",\"name\":\"Kokai Papeteria\",\"url\":\"https:\/\/kokaipapeteria.pl\/\",\"logo\":{\"@type\":\"ImageObject\",\"inLanguage\":\"pl-PL\",\"@id\":\"https:\/\/kokaipapeteria.pl\/#\/schema\/logo\/image\/\",\"url\":\"https:\/\/kokaipapeteria.pl\/wp-content\/uploads\/2022\/10\/cropped-koka-bez-tla.png\",\"contentUrl\":\"https:\/\/kokaipapeteria.pl\/wp-content\/uploads\/2022\/10\/cropped-koka-bez-tla.png\",\"width\":2976,\"height\":1349,\"caption\":\"Kokai Papeteria\"},\"image\":{\"@id\":\"https:\/\/kokaipapeteria.pl\/#\/schema\/logo\/image\/\"},\"sameAs\":[\"https:\/\/www.instagram.com\/kokaipapeteria\/\"]}]}<\/script>\n<!-- \/ Yoast SEO plugin. -->","yoast_head_json":{"title":"PEARL - Kokai Papeteria","robots":{"index":"index","follow":"follow","max-snippet":"max-snippet:-1","max-image-preview":"max-image-preview:large","max-video-preview":"max-video-preview:-1"},"canonical":"https:\/\/kokaipapeteria.pl\/index.php\/produkt\/pearl\/","og_locale":"pl_PL","og_type":"article","og_title":"PEARL - Kokai Papeteria","og_description":"Karta g\u0142\u00f3wna zosta\u0142a wykonana z papieru o gramaturze 300\/350 w kolorze bia\u0142ym. Cena zawiera: Karta g\u0142\u00f3wna 12\u00d717 Karta dodatkowa per\u0142y na karcie g\u0142\u00f3wnej oraz na karcie dodatkowej koperta 120g ( be\u017c brokat, biel brokat, czarna, bia\u0142a fakturowana ) personalizacja karty g\u0142\u00f3wnej i karty dodatkowej 12 z\u0142 Dodatkowo p\u0142atne: inny kolor koperty ni\u017c w opcji standard...","og_url":"https:\/\/kokaipapeteria.pl\/index.php\/produkt\/pearl\/","og_site_name":"Kokai Papeteria","article_publisher":"https:\/\/www.instagram.com\/kokaipapeteria\/","article_modified_time":"2025-10-13T16:23:22+00:00","og_image":[{"width":1440,"height":1799,"url":"https:\/\/kokaipapeteria.pl\/wp-content\/uploads\/2023\/10\/AB9BC9FD-6185-4979-94A3-6BFBB57B2D1A.jpg","type":"image\/jpeg"}],"twitter_card":"summary_large_image","twitter_misc":{"Szacowany czas czytania":"1 minuta"},"schema":{"@context":"https:\/\/schema.org","@graph":[{"@type":"WebPage","@id":"https:\/\/kokaipapeteria.pl\/index.php\/produkt\/pearl\/","url":"https:\/\/kokaipapeteria.pl\/index.php\/produkt\/pearl\/","name":"PEARL - Kokai Papeteria","isPartOf":{"@id":"https:\/\/kokaipapeteria.pl\/#website"},"primaryImageOfPage":{"@id":"https:\/\/kokaipapeteria.pl\/index.php\/produkt\/pearl\/#primaryimage"},"image":{"@id":"https:\/\/kokaipapeteria.pl\/index.php\/produkt\/pearl\/#primaryimage"},"thumbnailUrl":"https:\/\/kokaipapeteria.pl\/wp-content\/uploads\/2023\/10\/AB9BC9FD-6185-4979-94A3-6BFBB57B2D1A.jpg","datePublished":"2023-10-27T17:18:16+00:00","dateModified":"2025-10-13T16:23:22+00:00","breadcrumb":{"@id":"https:\/\/kokaipapeteria.pl\/index.php\/produkt\/pearl\/#breadcrumb"},"inLanguage":"pl-PL","potentialAction":[{"@type":"ReadAction","target":["https:\/\/kokaipapeteria.pl\/index.php\/produkt\/pearl\/"]}]},{"@type":"ImageObject","inLanguage":"pl-PL","@id":"https:\/\/kokaipapeteria.pl\/index.php\/produkt\/pearl\/#primaryimage","url":"https:\/\/kokaipapeteria.pl\/wp-content\/uploads\/2023\/10\/AB9BC9FD-6185-4979-94A3-6BFBB57B2D1A.jpg","contentUrl":"https:\/\/kokaipapeteria.pl\/wp-content\/uploads\/2023\/10\/AB9BC9FD-6185-4979-94A3-6BFBB57B2D1A.jpg","width":1440,"height":1799},{"@type":"BreadcrumbList","@id":"https:\/\/kokaipapeteria.pl\/index.php\/produkt\/pearl\/#breadcrumb","itemListElement":[{"@type":"ListItem","position":1,"name":"Strona g\u0142\u00f3wna","item":"https:\/\/kokaipapeteria.pl\/"},{"@type":"ListItem","position":2,"name":"Oferta","item":"https:\/\/kokaipapeteria.pl\/index.php\/sklep\/"},{"@type":"ListItem","position":3,"name":"PEARL"}]},{"@type":"WebSite","@id":"https:\/\/kokaipapeteria.pl\/#website","url":"https:\/\/kokaipapeteria.pl\/","name":"Kokai Papeteria","description":"","publisher":{"@id":"https:\/\/kokaipapeteria.pl\/#organization"},"potentialAction":[{"@type":"SearchAction","target":{"@type":"EntryPoint","urlTemplate":"https:\/\/kokaipapeteria.pl\/?s={search_term_string}"},"query-input":{"@type":"PropertyValueSpecification","valueRequired":true,"valueName":"search_term_string"}}],"inLanguage":"pl-PL"},{"@type":"Organization","@id":"https:\/\/kokaipapeteria.pl\/#organization","name":"Kokai Papeteria","url":"https:\/\/kokaipapeteria.pl\/","logo":{"@type":"ImageObject","inLanguage":"pl-PL","@id":"https:\/\/kokaipapeteria.pl\/#\/schema\/logo\/image\/","url":"https:\/\/kokaipapeteria.pl\/wp-content\/uploads\/2022\/10\/cropped-koka-bez-tla.png","contentUrl":"https:\/\/kokaipapeteria.pl\/wp-content\/uploads\/2022\/10\/cropped-koka-bez-tla.png","width":2976,"height":1349,"caption":"Kokai Papeteria"},"image":{"@id":"https:\/\/kokaipapeteria.pl\/#\/schema\/logo\/image\/"},"sameAs":["https:\/\/www.instagram.com\/kokaipapeteria\/"]}]}},"_links":{"self":[{"href":"https:\/\/kokaipapeteria.pl\/index.php\/wp-json\/wp\/v2\/product\/1758","targetHints":{"allow":["GET"]}}],"collection":[{"href":"https:\/\/kokaipapeteria.pl\/index.php\/wp-json\/wp\/v2\/product"}],"about":[{"href":"https:\/\/kokaipapeteria.pl\/index.php\/wp-json\/wp\/v2\/types\/product"}],"wp:featuredmedia":[{"embeddable":true,"href":"https:\/\/kokaipapeteria.pl\/index.php\/wp-json\/wp\/v2\/media\/1752"}],"wp:attachment":[{"href":"https:\/\/kokaipapeteria.pl\/index.php\/wp-json\/wp\/v2\/media?parent=1758"}],"wp:term":[{"taxonomy":"product_brand","embeddable":true,"href":"https:\/\/kokaipapeteria.pl\/index.php\/wp-json\/wp\/v2\/product_brand?post=1758"},{"taxonomy":"product_cat","embeddable":true,"href":"https:\/\/kokaipapeteria.pl\/index.php\/wp-json\/wp\/v2\/product_cat?post=1758"},{"taxonomy":"product_tag","embeddable":true,"href":"https:\/\/kokaipapeteria.pl\/index.php\/wp-json\/wp\/v2\/product_tag?post=1758"}],"curies":[{"name":"wp","href":"https:\/\/api.w.org\/{rel}","templated":true}]}}