{"id":1957,"date":"2025-02-24T11:24:05","date_gmt":"2025-02-24T11:24:05","guid":{"rendered":"https:\/\/kokaipapeteria.pl\/?post_type=product&#038;p=1957"},"modified":"2026-01-15T22:19:49","modified_gmt":"2026-01-15T21:19:49","slug":"emma","status":"publish","type":"product","link":"https:\/\/kokaipapeteria.pl\/index.php\/produkt\/emma\/","title":{"rendered":"Emma"},"content":{"rendered":"<p><img fetchpriority=\"high\" decoding=\"async\" class=\"aligncenter size-full wp-image-2338\" src=\"https:\/\/kokaipapeteria.pl\/wp-content\/uploads\/2025\/02\/emily-cennik.png\" alt=\"\" width=\"2284\" height=\"3331\" srcset=\"https:\/\/kokaipapeteria.pl\/wp-content\/uploads\/2025\/02\/emily-cennik.png 2284w, https:\/\/kokaipapeteria.pl\/wp-content\/uploads\/2025\/02\/emily-cennik-206x300.png 206w, https:\/\/kokaipapeteria.pl\/wp-content\/uploads\/2025\/02\/emily-cennik-702x1024.png 702w, https:\/\/kokaipapeteria.pl\/wp-content\/uploads\/2025\/02\/emily-cennik-768x1120.png 768w, https:\/\/kokaipapeteria.pl\/wp-content\/uploads\/2025\/02\/emily-cennik-1053x1536.png 1053w, https:\/\/kokaipapeteria.pl\/wp-content\/uploads\/2025\/02\/emily-cennik-1404x2048.png 1404w, https:\/\/kokaipapeteria.pl\/wp-content\/uploads\/2025\/02\/emily-cennik-600x875.png 600w\" sizes=\"(max-width: 2284px) 100vw, 2284px\" \/><\/p>\n<p>&nbsp;<\/p>\n<h6 style=\"text-align: center;\"><a href=\"https:\/\/kokaipapeteria.pl\/index.php\/elementor-2190__trashed\/formularz-zaproszenia\/?produkt=Charlotte\">KOLEKCJA\u00a0<\/a>emma<\/h6>\n<h6 style=\"text-align: center;\"><a href=\"https:\/\/kokaipapeteria.pl\/index.php\/formolarz-probki\/?produkt=Angel\">\u2014\u00a0<\/a><\/h6>\n<h6 style=\"text-align: center;\"><a href=\"https:\/\/kokaipapeteria.pl\/index.php\/elementor-2190__trashed\/formularz-zaproszenia\/?produkt=Emma\"><strong> WYBIERAM ZAPROSZENIA<\/strong><\/a><\/h6>\n<h4><\/h4>\n<p>&nbsp;<\/p>\n<h6 style=\"text-align: center;\"><a href=\"https:\/\/kokaipapeteria.pl\/index.php\/formolarz-probki\/?produkt=Emma\">Kolekcja Emma<\/a><\/h6>\n<h6 style=\"text-align: center;\"><a href=\"https:\/\/kokaipapeteria.pl\/index.php\/formolarz-probki\/?produkt=Angel\"> \u2014<\/a><\/h6>\n<h6 style=\"text-align: center;\"><a href=\"https:\/\/kokaipapeteria.pl\/index.php\/formolarz-probki\/?produkt=Emma\"><strong>WYBIERAM PR\u00d3BKI<\/strong><\/a><\/h6>\n","protected":false},"excerpt":{"rendered":"<p>&nbsp; KOLEKCJA\u00a0emma \u2014\u00a0 WYBIERAM ZAPROSZENIA &nbsp; Kolekcja Emma \u2014 WYBIERAM PR\u00d3BKI<\/p>\n","protected":false},"featured_media":1958,"template":"","meta":{"_kadence_starter_templates_imported_post":false,"_kad_post_transparent":"default","_kad_post_title":"","_kad_post_layout":"default","_kad_post_sidebar_id":"","_kad_post_content_style":"default","_kad_post_vertical_padding":"default","_kad_post_feature":"","_kad_post_feature_position":"","_kad_post_header":false,"_kad_post_footer":false},"product_brand":[],"product_cat":[33],"product_tag":[],"class_list":{"0":"post-1957","1":"product","2":"type-product","3":"status-publish","4":"has-post-thumbnail","6":"product_cat-zaproszenia-slubne","8":"first","9":"instock","10":"shipping-taxable","11":"product-type-simple","12":"entry","13":"content-bg","14":"loop-entry"},"yoast_head":"<!-- This site is optimized with the Yoast SEO plugin v24.8.1 - https:\/\/yoast.com\/wordpress\/plugins\/seo\/ -->\n<title>Emma - Kokai Papeteria<\/title>\n<meta name=\"description\" content=\"Zaproszenia \u015blubne eleganckie, minimalistyczne. Wysokiej jako\u015bci papier 300 g fakturowany. W zestawie karta g\u0142\u00f3wna, karta dodatkowa, wst\u0105\u017cka i koperta 120g.\" \/>\n<meta name=\"robots\" content=\"index, follow, max-snippet:-1, max-image-preview:large, max-video-preview:-1\" \/>\n<link rel=\"canonical\" href=\"https:\/\/kokaipapeteria.pl\/index.php\/produkt\/emma\/\" \/>\n<meta property=\"og:locale\" content=\"pl_PL\" \/>\n<meta property=\"og:type\" content=\"article\" \/>\n<meta property=\"og:title\" content=\"Emma - Kokai Papeteria\" \/>\n<meta property=\"og:description\" content=\"Zaproszenia \u015blubne eleganckie, minimalistyczne. Wysokiej jako\u015bci papier 300 g fakturowany. W zestawie karta g\u0142\u00f3wna, karta dodatkowa, wst\u0105\u017cka i koperta 120g.\" \/>\n<meta property=\"og:url\" content=\"https:\/\/kokaipapeteria.pl\/index.php\/produkt\/emma\/\" \/>\n<meta property=\"og:site_name\" content=\"Kokai Papeteria\" \/>\n<meta property=\"article:publisher\" content=\"https:\/\/www.instagram.com\/kokaipapeteria\/\" \/>\n<meta property=\"article:modified_time\" content=\"2026-01-15T21:19:49+00:00\" \/>\n<meta property=\"og:image\" content=\"https:\/\/kokaipapeteria.pl\/wp-content\/uploads\/2025\/02\/Emma-scaled.jpg\" \/>\n\t<meta property=\"og:image:width\" content=\"2167\" \/>\n\t<meta property=\"og:image:height\" content=\"2560\" \/>\n\t<meta property=\"og:image:type\" content=\"image\/jpeg\" \/>\n<meta name=\"twitter:card\" content=\"summary_large_image\" \/>\n<meta name=\"twitter:label1\" content=\"Szacowany czas czytania\" \/>\n\t<meta name=\"twitter:data1\" content=\"1 minuta\" \/>\n<script type=\"application\/ld+json\" class=\"yoast-schema-graph\">{\"@context\":\"https:\/\/schema.org\",\"@graph\":[{\"@type\":\"WebPage\",\"@id\":\"https:\/\/kokaipapeteria.pl\/index.php\/produkt\/emma\/\",\"url\":\"https:\/\/kokaipapeteria.pl\/index.php\/produkt\/emma\/\",\"name\":\"Emma - Kokai Papeteria\",\"isPartOf\":{\"@id\":\"https:\/\/kokaipapeteria.pl\/#website\"},\"primaryImageOfPage\":{\"@id\":\"https:\/\/kokaipapeteria.pl\/index.php\/produkt\/emma\/#primaryimage\"},\"image\":{\"@id\":\"https:\/\/kokaipapeteria.pl\/index.php\/produkt\/emma\/#primaryimage\"},\"thumbnailUrl\":\"https:\/\/kokaipapeteria.pl\/wp-content\/uploads\/2025\/02\/Emma-scaled.jpg\",\"datePublished\":\"2025-02-24T11:24:05+00:00\",\"dateModified\":\"2026-01-15T21:19:49+00:00\",\"description\":\"Zaproszenia \u015blubne eleganckie, minimalistyczne. Wysokiej jako\u015bci papier 300 g fakturowany. W zestawie karta g\u0142\u00f3wna, karta dodatkowa, wst\u0105\u017cka i koperta 120g.\",\"breadcrumb\":{\"@id\":\"https:\/\/kokaipapeteria.pl\/index.php\/produkt\/emma\/#breadcrumb\"},\"inLanguage\":\"pl-PL\",\"potentialAction\":[{\"@type\":\"ReadAction\",\"target\":[\"https:\/\/kokaipapeteria.pl\/index.php\/produkt\/emma\/\"]}]},{\"@type\":\"ImageObject\",\"inLanguage\":\"pl-PL\",\"@id\":\"https:\/\/kokaipapeteria.pl\/index.php\/produkt\/emma\/#primaryimage\",\"url\":\"https:\/\/kokaipapeteria.pl\/wp-content\/uploads\/2025\/02\/Emma-scaled.jpg\",\"contentUrl\":\"https:\/\/kokaipapeteria.pl\/wp-content\/uploads\/2025\/02\/Emma-scaled.jpg\",\"width\":2167,\"height\":2560},{\"@type\":\"BreadcrumbList\",\"@id\":\"https:\/\/kokaipapeteria.pl\/index.php\/produkt\/emma\/#breadcrumb\",\"itemListElement\":[{\"@type\":\"ListItem\",\"position\":1,\"name\":\"Strona g\u0142\u00f3wna\",\"item\":\"https:\/\/kokaipapeteria.pl\/\"},{\"@type\":\"ListItem\",\"position\":2,\"name\":\"Oferta\",\"item\":\"https:\/\/kokaipapeteria.pl\/index.php\/sklep\/\"},{\"@type\":\"ListItem\",\"position\":3,\"name\":\"Emma\"}]},{\"@type\":\"WebSite\",\"@id\":\"https:\/\/kokaipapeteria.pl\/#website\",\"url\":\"https:\/\/kokaipapeteria.pl\/\",\"name\":\"Kokai Papeteria\",\"description\":\"\",\"publisher\":{\"@id\":\"https:\/\/kokaipapeteria.pl\/#organization\"},\"potentialAction\":[{\"@type\":\"SearchAction\",\"target\":{\"@type\":\"EntryPoint\",\"urlTemplate\":\"https:\/\/kokaipapeteria.pl\/?s={search_term_string}\"},\"query-input\":{\"@type\":\"PropertyValueSpecification\",\"valueRequired\":true,\"valueName\":\"search_term_string\"}}],\"inLanguage\":\"pl-PL\"},{\"@type\":\"Organization\",\"@id\":\"https:\/\/kokaipapeteria.pl\/#organization\",\"name\":\"Kokai Papeteria\",\"url\":\"https:\/\/kokaipapeteria.pl\/\",\"logo\":{\"@type\":\"ImageObject\",\"inLanguage\":\"pl-PL\",\"@id\":\"https:\/\/kokaipapeteria.pl\/#\/schema\/logo\/image\/\",\"url\":\"https:\/\/kokaipapeteria.pl\/wp-content\/uploads\/2022\/10\/cropped-koka-bez-tla.png\",\"contentUrl\":\"https:\/\/kokaipapeteria.pl\/wp-content\/uploads\/2022\/10\/cropped-koka-bez-tla.png\",\"width\":2976,\"height\":1349,\"caption\":\"Kokai Papeteria\"},\"image\":{\"@id\":\"https:\/\/kokaipapeteria.pl\/#\/schema\/logo\/image\/\"},\"sameAs\":[\"https:\/\/www.instagram.com\/kokaipapeteria\/\"]}]}<\/script>\n<!-- \/ Yoast SEO plugin. -->","yoast_head_json":{"title":"Emma - Kokai Papeteria","description":"Zaproszenia \u015blubne eleganckie, minimalistyczne. Wysokiej jako\u015bci papier 300 g fakturowany. W zestawie karta g\u0142\u00f3wna, karta dodatkowa, wst\u0105\u017cka i koperta 120g.","robots":{"index":"index","follow":"follow","max-snippet":"max-snippet:-1","max-image-preview":"max-image-preview:large","max-video-preview":"max-video-preview:-1"},"canonical":"https:\/\/kokaipapeteria.pl\/index.php\/produkt\/emma\/","og_locale":"pl_PL","og_type":"article","og_title":"Emma - Kokai Papeteria","og_description":"Zaproszenia \u015blubne eleganckie, minimalistyczne. Wysokiej jako\u015bci papier 300 g fakturowany. W zestawie karta g\u0142\u00f3wna, karta dodatkowa, wst\u0105\u017cka i koperta 120g.","og_url":"https:\/\/kokaipapeteria.pl\/index.php\/produkt\/emma\/","og_site_name":"Kokai Papeteria","article_publisher":"https:\/\/www.instagram.com\/kokaipapeteria\/","article_modified_time":"2026-01-15T21:19:49+00:00","og_image":[{"width":2167,"height":2560,"url":"https:\/\/kokaipapeteria.pl\/wp-content\/uploads\/2025\/02\/Emma-scaled.jpg","type":"image\/jpeg"}],"twitter_card":"summary_large_image","twitter_misc":{"Szacowany czas czytania":"1 minuta"},"schema":{"@context":"https:\/\/schema.org","@graph":[{"@type":"WebPage","@id":"https:\/\/kokaipapeteria.pl\/index.php\/produkt\/emma\/","url":"https:\/\/kokaipapeteria.pl\/index.php\/produkt\/emma\/","name":"Emma - Kokai Papeteria","isPartOf":{"@id":"https:\/\/kokaipapeteria.pl\/#website"},"primaryImageOfPage":{"@id":"https:\/\/kokaipapeteria.pl\/index.php\/produkt\/emma\/#primaryimage"},"image":{"@id":"https:\/\/kokaipapeteria.pl\/index.php\/produkt\/emma\/#primaryimage"},"thumbnailUrl":"https:\/\/kokaipapeteria.pl\/wp-content\/uploads\/2025\/02\/Emma-scaled.jpg","datePublished":"2025-02-24T11:24:05+00:00","dateModified":"2026-01-15T21:19:49+00:00","description":"Zaproszenia \u015blubne eleganckie, minimalistyczne. Wysokiej jako\u015bci papier 300 g fakturowany. W zestawie karta g\u0142\u00f3wna, karta dodatkowa, wst\u0105\u017cka i koperta 120g.","breadcrumb":{"@id":"https:\/\/kokaipapeteria.pl\/index.php\/produkt\/emma\/#breadcrumb"},"inLanguage":"pl-PL","potentialAction":[{"@type":"ReadAction","target":["https:\/\/kokaipapeteria.pl\/index.php\/produkt\/emma\/"]}]},{"@type":"ImageObject","inLanguage":"pl-PL","@id":"https:\/\/kokaipapeteria.pl\/index.php\/produkt\/emma\/#primaryimage","url":"https:\/\/kokaipapeteria.pl\/wp-content\/uploads\/2025\/02\/Emma-scaled.jpg","contentUrl":"https:\/\/kokaipapeteria.pl\/wp-content\/uploads\/2025\/02\/Emma-scaled.jpg","width":2167,"height":2560},{"@type":"BreadcrumbList","@id":"https:\/\/kokaipapeteria.pl\/index.php\/produkt\/emma\/#breadcrumb","itemListElement":[{"@type":"ListItem","position":1,"name":"Strona g\u0142\u00f3wna","item":"https:\/\/kokaipapeteria.pl\/"},{"@type":"ListItem","position":2,"name":"Oferta","item":"https:\/\/kokaipapeteria.pl\/index.php\/sklep\/"},{"@type":"ListItem","position":3,"name":"Emma"}]},{"@type":"WebSite","@id":"https:\/\/kokaipapeteria.pl\/#website","url":"https:\/\/kokaipapeteria.pl\/","name":"Kokai Papeteria","description":"","publisher":{"@id":"https:\/\/kokaipapeteria.pl\/#organization"},"potentialAction":[{"@type":"SearchAction","target":{"@type":"EntryPoint","urlTemplate":"https:\/\/kokaipapeteria.pl\/?s={search_term_string}"},"query-input":{"@type":"PropertyValueSpecification","valueRequired":true,"valueName":"search_term_string"}}],"inLanguage":"pl-PL"},{"@type":"Organization","@id":"https:\/\/kokaipapeteria.pl\/#organization","name":"Kokai Papeteria","url":"https:\/\/kokaipapeteria.pl\/","logo":{"@type":"ImageObject","inLanguage":"pl-PL","@id":"https:\/\/kokaipapeteria.pl\/#\/schema\/logo\/image\/","url":"https:\/\/kokaipapeteria.pl\/wp-content\/uploads\/2022\/10\/cropped-koka-bez-tla.png","contentUrl":"https:\/\/kokaipapeteria.pl\/wp-content\/uploads\/2022\/10\/cropped-koka-bez-tla.png","width":2976,"height":1349,"caption":"Kokai Papeteria"},"image":{"@id":"https:\/\/kokaipapeteria.pl\/#\/schema\/logo\/image\/"},"sameAs":["https:\/\/www.instagram.com\/kokaipapeteria\/"]}]}},"_links":{"self":[{"href":"https:\/\/kokaipapeteria.pl\/index.php\/wp-json\/wp\/v2\/product\/1957","targetHints":{"allow":["GET"]}}],"collection":[{"href":"https:\/\/kokaipapeteria.pl\/index.php\/wp-json\/wp\/v2\/product"}],"about":[{"href":"https:\/\/kokaipapeteria.pl\/index.php\/wp-json\/wp\/v2\/types\/product"}],"wp:featuredmedia":[{"embeddable":true,"href":"https:\/\/kokaipapeteria.pl\/index.php\/wp-json\/wp\/v2\/media\/1958"}],"wp:attachment":[{"href":"https:\/\/kokaipapeteria.pl\/index.php\/wp-json\/wp\/v2\/media?parent=1957"}],"wp:term":[{"taxonomy":"product_brand","embeddable":true,"href":"https:\/\/kokaipapeteria.pl\/index.php\/wp-json\/wp\/v2\/product_brand?post=1957"},{"taxonomy":"product_cat","embeddable":true,"href":"https:\/\/kokaipapeteria.pl\/index.php\/wp-json\/wp\/v2\/product_cat?post=1957"},{"taxonomy":"product_tag","embeddable":true,"href":"https:\/\/kokaipapeteria.pl\/index.php\/wp-json\/wp\/v2\/product_tag?post=1957"}],"curies":[{"name":"wp","href":"https:\/\/api.w.org\/{rel}","templated":true}]}}